{"id":171,"date":"2014-12-22T13:22:16","date_gmt":"2014-12-22T11:22:16","guid":{"rendered":"http:\/\/nicodeluxe.de\/wordpress\/?page_id=171"},"modified":"2018-09-19T13:08:45","modified_gmt":"2018-09-19T11:08:45","slug":"programm","status":"publish","type":"page","link":"https:\/\/nicodeluxe.de\/wordpress\/programm\/","title":{"rendered":"Programm"},"content":{"rendered":"<div class=\"textbox\">\n<div class=\"innen\">\n<h2>Unser musikalische Programm, Ihre Wahl!<\/h2>\n<p>In unserer Programmliste finden Sie ein breit gef\u00e4chertes musikalisches Repertoire f\u00fcr nahezu jeden Anlass. Sie k\u00f6nnen die einzelnen &#8222;Abteilungen&#8220; gezielt f\u00fcr den Ablauf Ihrer Veranstaltung w\u00e4hlen.<\/p>\n<p>So spielen wir gerne unser zum Dinner oder Buffet Ihres Events aus unserem Set mit jazziger Hintergrundmusik. Zum sp\u00e4teren Feiern und Tanzen k\u00f6nnen Sie dann auf unsere Top-40-Abteilung zur\u00fcckgreifen. Oder Sie buchen uns am Nachmittag als unplugged Walking-Act mit akustischen Instrumenten f\u00fcr Ihr Stadtfest und geben abends die gro\u00dfe B\u00fchne frei zum Abrocken.<\/p>\n<\/div>\n<\/div>\n<div class=\"su-spacer\" style=\"height:48px\"><\/div>\n<div class=\"textbox\">\n<div class=\"innen\">\n<h2>Ausz\u00fcge aus unserem Programm<\/h2>\n<p>Je nach Veranstaltung oder Anlass haben Sie die M\u00f6glichkeit die Richtung Ihres Musikprogramms zu gestalten.<\/p>\n<ul>\n<li>\n<h4>Dinner- und Empfang<\/h4>\n<\/li>\n<\/ul>\n<div class=\"su-row\">\n<div class=\"su-column su-column-size-1-2\"><div class=\"su-column-inner su-u-clearfix su-u-trim\">\n&#8222;Moon river&#8220;<br \/>\n&#8222;Summertime&#8220;<br \/>\n&#8222;Autumn leaves&#8220;<br \/>\n&#8222;Michelle&#8220; &#8211; The Beatles<br \/>\n&#8222;My one and only love&#8220;<br \/>\n&#8222;Don\u02cbt know why&#8220; &#8211; Norah Jones<br \/>\n&#8222;Halleluja&#8220; &#8211; Leonard Cohen<br \/>\n<\/div><\/div>\n<div class=\"su-column su-column-size-1-2\"><div class=\"su-column-inner su-u-clearfix su-u-trim\">\n&#8222;As time goes by&#8220;<br \/>\n&#8222;Girl from Ipanema&#8220;<br \/>\n&#8222;My Funny Valentine&#8220;<br \/>\n&#8222;Smooth operator&#8220; &#8211; Sade<br \/>\n&#8222;Have You Met Miss Jones?&#8220;<br \/>\n&#8222;Dream a little dream of me&#8220;<br \/>\n&#8222;Fields of gold&#8220; &#8211; Sting<br \/>\n. . .<br \/>\n<\/div><\/div>\n<\/div>\n<ul>\n<li>\n<h4>Gala- und Party-Abend<\/h4>\n<\/li>\n<\/ul>\n<div class=\"su-row\">\n<div class=\"su-column su-column-size-1-2\"><div class=\"su-column-inner su-u-clearfix su-u-trim\">\n&#8222;\u00ccm so exited&#8220; &#8211; Pointer Sisters<br \/>\n&#8222;Soulmate&#8220; &#8211; Natasha Bedingfield<br \/>\n&#8222;Valery&#8220; &#8211; Amy Winehouse<br \/>\n&#8222;Celebration&#8220; &#8211; Cool &amp; the Gang<br \/>\n&#8222;Cheap thrills&#8220; &#8211; Sia<br \/>\n&#8222;Murder on the Dancefloor&#8220; &#8211; Sophie Ellis-Bextor<br \/>\n&#8222;Sing it Back&#8220; &#8211; Moloko<br \/>\n<\/div><\/div>\n<div class=\"su-column su-column-size-1-2\"><div class=\"su-column-inner su-u-clearfix su-u-trim\">\n&#8222;Diamonds&#8220; &#8211; Rihanna<br \/>\n&#8222;Son of preacher man&#8220; &#8211; Dusty Springfield<br \/>\n&#8222;Titanium&#8220; &#8211; David Guetta<br \/>\n&#8222;Ain\u02cbt nobody&#8220; &#8211; Chaka Khan<br \/>\n&#8222;Sunny&#8220; &#8211; Steve Wonder<br \/>\n&#8222;Get Lucky&#8220; &#8211; Daft Punk<br \/>\n&#8222;Kiss&#8220; &#8211; Prince<br \/>\n. . .<br \/>\n<\/div><\/div>\n<\/div>\n<ul>\n<li>\n<h4>Stadtfest und Firmenfeier<\/h4>\n<\/li>\n<\/ul>\n<div class=\"su-row\">\n<div class=\"su-column su-column-size-1-2\"><div class=\"su-column-inner su-u-clearfix su-u-trim\">\n&#8222;Rolling in the deep&#8220; &#8211; Adele<br \/>\n&#8222;Simply the best&#8220; &#8211; Tina Turner<br \/>\n&#8222;Unchain my heart&#8220; &#8211; Joe Cocker<br \/>\n&#8222;Heavy Cross&#8220; &#8211; Gossip<br \/>\n&#8222;What about us&#8220; &#8211; P!ink<br \/>\n&#8222;Relight my fire&#8220; &#8211; Take that<br \/>\n&#8222;I&#8217;m otta love&#8220; &#8211; Anastacia<br \/>\n<\/div><\/div>\n<div class=\"su-column su-column-size-1-2\"><div class=\"su-column-inner su-u-clearfix su-u-trim\">\n&#8222;Highway to hell&#8220; &#8211; ACDC<br \/>\n&#8222;Kids in America&#8220; &#8211; Kim Wilde<br \/>\n&#8222;The look&#8220; &#8211; Roxette<br \/>\n&#8222;Walk like an Egyptian&#8220; &#8211; The Bangles<br \/>\n&#8222;Ironic&#8220; &#8211; Alanis Morisette<br \/>\n&#8222;What&#8217;s up&#8220; &#8211; 4 non Blondes<br \/>\n&#8222;No roots&#8220; &#8211; Alice Merton<br \/>\n. . .<br \/>\n<\/div><\/div>\n<\/div>\n<\/div>\n<\/div>\n","protected":false},"excerpt":{"rendered":"<p>Unser musikalische Programm, Ihre Wahl! In unserer Programmliste finden Sie ein breit gef\u00e4chertes musikalisches Repertoire f\u00fcr nahezu jeden Anlass. Sie k\u00f6nnen die einzelnen &#8222;Abteilungen&#8220; gezielt f\u00fcr den Ablauf Ihrer Veranstaltung w\u00e4hlen. So spielen wir gerne unser zum Dinner oder Buffet Ihres Events aus unserem Set mit jazziger Hintergrundmusik. Zum sp\u00e4teren Feiern und Tanzen k\u00f6nnen Sie [&hellip;]<\/p>\n","protected":false},"author":1,"featured_media":0,"parent":0,"menu_order":0,"comment_status":"closed","ping_status":"closed","template":"page-templates\/front-page.php","meta":{"_crdt_document":"","footnotes":""},"class_list":["post-171","page","type-page","status-publish","hentry"],"yoast_head":"<!-- This site is optimized with the Yoast SEO plugin v27.4 - https:\/\/yoast.com\/product\/yoast-seo-wordpress\/ -->\n<title>Programm | Nico Deluxe<\/title>\n<meta name=\"robots\" content=\"index, follow, max-snippet:-1, max-image-preview:large, max-video-preview:-1\" \/>\n<link rel=\"canonical\" href=\"https:\/\/nicodeluxe.de\/wordpress\/programm\/\" \/>\n<meta property=\"og:locale\" content=\"de_DE\" \/>\n<meta property=\"og:type\" content=\"article\" \/>\n<meta property=\"og:title\" content=\"Programm | Nico Deluxe\" \/>\n<meta property=\"og:description\" content=\"Unser musikalische Programm, Ihre Wahl! In unserer Programmliste finden Sie ein breit gef\u00e4chertes musikalisches Repertoire f\u00fcr nahezu jeden Anlass. Sie k\u00f6nnen die einzelnen &#8222;Abteilungen&#8220; gezielt f\u00fcr den Ablauf Ihrer Veranstaltung w\u00e4hlen. So spielen wir gerne unser zum Dinner oder Buffet Ihres Events aus unserem Set mit jazziger Hintergrundmusik. Zum sp\u00e4teren Feiern und Tanzen k\u00f6nnen Sie [&hellip;]\" \/>\n<meta property=\"og:url\" content=\"https:\/\/nicodeluxe.de\/wordpress\/programm\/\" \/>\n<meta property=\"og:site_name\" content=\"Nico Deluxe\" \/>\n<meta property=\"article:modified_time\" content=\"2018-09-19T11:08:45+00:00\" \/>\n<meta name=\"twitter:card\" content=\"summary_large_image\" \/>\n<meta name=\"twitter:label1\" content=\"Gesch\u00e4tzte Lesezeit\" \/>\n\t<meta name=\"twitter:data1\" content=\"2\u00a0Minuten\" \/>\n<script type=\"application\/ld+json\" class=\"yoast-schema-graph\">{\"@context\":\"https:\\\/\\\/schema.org\",\"@graph\":[{\"@type\":\"WebPage\",\"@id\":\"https:\\\/\\\/nicodeluxe.de\\\/wordpress\\\/programm\\\/\",\"url\":\"https:\\\/\\\/nicodeluxe.de\\\/wordpress\\\/programm\\\/\",\"name\":\"Programm | Nico Deluxe\",\"isPartOf\":{\"@id\":\"https:\\\/\\\/nicodeluxe.de\\\/wordpress\\\/#website\"},\"datePublished\":\"2014-12-22T11:22:16+00:00\",\"dateModified\":\"2018-09-19T11:08:45+00:00\",\"breadcrumb\":{\"@id\":\"https:\\\/\\\/nicodeluxe.de\\\/wordpress\\\/programm\\\/#breadcrumb\"},\"inLanguage\":\"de\",\"potentialAction\":[{\"@type\":\"ReadAction\",\"target\":[\"https:\\\/\\\/nicodeluxe.de\\\/wordpress\\\/programm\\\/\"]}]},{\"@type\":\"BreadcrumbList\",\"@id\":\"https:\\\/\\\/nicodeluxe.de\\\/wordpress\\\/programm\\\/#breadcrumb\",\"itemListElement\":[{\"@type\":\"ListItem\",\"position\":1,\"name\":\"Startseite\",\"item\":\"https:\\\/\\\/nicodeluxe.de\\\/wordpress\\\/\"},{\"@type\":\"ListItem\",\"position\":2,\"name\":\"Programm\"}]},{\"@type\":\"WebSite\",\"@id\":\"https:\\\/\\\/nicodeluxe.de\\\/wordpress\\\/#website\",\"url\":\"https:\\\/\\\/nicodeluxe.de\\\/wordpress\\\/\",\"name\":\"Nico Deluxe\",\"description\":\"Live-Event-Band\",\"publisher\":{\"@id\":\"https:\\\/\\\/nicodeluxe.de\\\/wordpress\\\/#organization\"},\"potentialAction\":[{\"@type\":\"SearchAction\",\"target\":{\"@type\":\"EntryPoint\",\"urlTemplate\":\"https:\\\/\\\/nicodeluxe.de\\\/wordpress\\\/?s={search_term_string}\"},\"query-input\":{\"@type\":\"PropertyValueSpecification\",\"valueRequired\":true,\"valueName\":\"search_term_string\"}}],\"inLanguage\":\"de\"},{\"@type\":\"Organization\",\"@id\":\"https:\\\/\\\/nicodeluxe.de\\\/wordpress\\\/#organization\",\"name\":\"Nico Deluxe\",\"url\":\"https:\\\/\\\/nicodeluxe.de\\\/wordpress\\\/\",\"logo\":{\"@type\":\"ImageObject\",\"inLanguage\":\"de\",\"@id\":\"https:\\\/\\\/nicodeluxe.de\\\/wordpress\\\/#\\\/schema\\\/logo\\\/image\\\/\",\"url\":\"https:\\\/\\\/nicodeluxe.de\\\/wordpress\\\/wp-content\\\/uploads\\\/2014\\\/11\\\/logo_nicodeluxe1.png\",\"contentUrl\":\"https:\\\/\\\/nicodeluxe.de\\\/wordpress\\\/wp-content\\\/uploads\\\/2014\\\/11\\\/logo_nicodeluxe1.png\",\"width\":400,\"height\":400,\"caption\":\"Nico Deluxe\"},\"image\":{\"@id\":\"https:\\\/\\\/nicodeluxe.de\\\/wordpress\\\/#\\\/schema\\\/logo\\\/image\\\/\"}}]}<\/script>\n<!-- \/ Yoast SEO plugin. -->","yoast_head_json":{"title":"Programm | Nico Deluxe","robots":{"index":"index","follow":"follow","max-snippet":"max-snippet:-1","max-image-preview":"max-image-preview:large","max-video-preview":"max-video-preview:-1"},"canonical":"https:\/\/nicodeluxe.de\/wordpress\/programm\/","og_locale":"de_DE","og_type":"article","og_title":"Programm | Nico Deluxe","og_description":"Unser musikalische Programm, Ihre Wahl! In unserer Programmliste finden Sie ein breit gef\u00e4chertes musikalisches Repertoire f\u00fcr nahezu jeden Anlass. Sie k\u00f6nnen die einzelnen &#8222;Abteilungen&#8220; gezielt f\u00fcr den Ablauf Ihrer Veranstaltung w\u00e4hlen. So spielen wir gerne unser zum Dinner oder Buffet Ihres Events aus unserem Set mit jazziger Hintergrundmusik. Zum sp\u00e4teren Feiern und Tanzen k\u00f6nnen Sie [&hellip;]","og_url":"https:\/\/nicodeluxe.de\/wordpress\/programm\/","og_site_name":"Nico Deluxe","article_modified_time":"2018-09-19T11:08:45+00:00","twitter_card":"summary_large_image","twitter_misc":{"Gesch\u00e4tzte Lesezeit":"2\u00a0Minuten"},"schema":{"@context":"https:\/\/schema.org","@graph":[{"@type":"WebPage","@id":"https:\/\/nicodeluxe.de\/wordpress\/programm\/","url":"https:\/\/nicodeluxe.de\/wordpress\/programm\/","name":"Programm | Nico Deluxe","isPartOf":{"@id":"https:\/\/nicodeluxe.de\/wordpress\/#website"},"datePublished":"2014-12-22T11:22:16+00:00","dateModified":"2018-09-19T11:08:45+00:00","breadcrumb":{"@id":"https:\/\/nicodeluxe.de\/wordpress\/programm\/#breadcrumb"},"inLanguage":"de","potentialAction":[{"@type":"ReadAction","target":["https:\/\/nicodeluxe.de\/wordpress\/programm\/"]}]},{"@type":"BreadcrumbList","@id":"https:\/\/nicodeluxe.de\/wordpress\/programm\/#breadcrumb","itemListElement":[{"@type":"ListItem","position":1,"name":"Startseite","item":"https:\/\/nicodeluxe.de\/wordpress\/"},{"@type":"ListItem","position":2,"name":"Programm"}]},{"@type":"WebSite","@id":"https:\/\/nicodeluxe.de\/wordpress\/#website","url":"https:\/\/nicodeluxe.de\/wordpress\/","name":"Nico Deluxe","description":"Live-Event-Band","publisher":{"@id":"https:\/\/nicodeluxe.de\/wordpress\/#organization"},"potentialAction":[{"@type":"SearchAction","target":{"@type":"EntryPoint","urlTemplate":"https:\/\/nicodeluxe.de\/wordpress\/?s={search_term_string}"},"query-input":{"@type":"PropertyValueSpecification","valueRequired":true,"valueName":"search_term_string"}}],"inLanguage":"de"},{"@type":"Organization","@id":"https:\/\/nicodeluxe.de\/wordpress\/#organization","name":"Nico Deluxe","url":"https:\/\/nicodeluxe.de\/wordpress\/","logo":{"@type":"ImageObject","inLanguage":"de","@id":"https:\/\/nicodeluxe.de\/wordpress\/#\/schema\/logo\/image\/","url":"https:\/\/nicodeluxe.de\/wordpress\/wp-content\/uploads\/2014\/11\/logo_nicodeluxe1.png","contentUrl":"https:\/\/nicodeluxe.de\/wordpress\/wp-content\/uploads\/2014\/11\/logo_nicodeluxe1.png","width":400,"height":400,"caption":"Nico Deluxe"},"image":{"@id":"https:\/\/nicodeluxe.de\/wordpress\/#\/schema\/logo\/image\/"}}]}},"_links":{"self":[{"href":"https:\/\/nicodeluxe.de\/wordpress\/wp-json\/wp\/v2\/pages\/171","targetHints":{"allow":["GET"]}}],"collection":[{"href":"https:\/\/nicodeluxe.de\/wordpress\/wp-json\/wp\/v2\/pages"}],"about":[{"href":"https:\/\/nicodeluxe.de\/wordpress\/wp-json\/wp\/v2\/types\/page"}],"author":[{"embeddable":true,"href":"https:\/\/nicodeluxe.de\/wordpress\/wp-json\/wp\/v2\/users\/1"}],"replies":[{"embeddable":true,"href":"https:\/\/nicodeluxe.de\/wordpress\/wp-json\/wp\/v2\/comments?post=171"}],"version-history":[{"count":29,"href":"https:\/\/nicodeluxe.de\/wordpress\/wp-json\/wp\/v2\/pages\/171\/revisions"}],"predecessor-version":[{"id":440,"href":"https:\/\/nicodeluxe.de\/wordpress\/wp-json\/wp\/v2\/pages\/171\/revisions\/440"}],"wp:attachment":[{"href":"https:\/\/nicodeluxe.de\/wordpress\/wp-json\/wp\/v2\/media?parent=171"}],"curies":[{"name":"wp","href":"https:\/\/api.w.org\/{rel}","templated":true}]}}