{"id":2,"date":"2014-10-16T00:21:35","date_gmt":"2014-10-16T00:21:35","guid":{"rendered":"http:\/\/nicodeluxe.de\/wordpress\/?page_id=2"},"modified":"2023-07-24T11:41:44","modified_gmt":"2023-07-24T09:41:44","slug":"nico-deluxe-sagt-herzlich-willkommen","status":"publish","type":"page","link":"https:\/\/nicodeluxe.de\/wordpress\/","title":{"rendered":"&#8222;Nico Deluxe&#8220; sagt: Herzlich Willkommen!"},"content":{"rendered":"\n<div class=\"textbox\">\n<div class=\"innen\">\n<h2>&#8222;Nico Deluxe&#8220; &#8211; eine Band &#8211; musikalische Vielfalt!<\/h2>\n<p>Ob als kleines Jazz-Ensemble, Akustik-Coverband oder Top-40-Band: &#8222;Nico Deluxe&#8220; spielt als Live-Event-Band dem Anlass und Umfang passend auf Ihren Veranstaltungen Ihre Musik. Buchbar vom Trio bis zum Quintett gibt es uns vom Wohnzimmer bis zur Stadtfestb\u00fchne, von privaten Familienfeiern bis zum Firmen-Event.<\/p>\n<hr>\n<h4>&#8222;Nico Deluxe&#8220; ist Ihre Live-Event-Band!<\/h4>\n<p>Pop-, Soul-, Funk- und Jazz-Hits von erstklassigen Instrumentalisten in einem gef\u00fchlvoll eleganten Sound gespielt. Lounge- und Partymusik der Extraklasse: lassen auch Sie sich verzaubern von federnd leichten Gitarrensounds auf einem funky-groovenden Fundament \u00fcber denen die samtartig, soulige Stimme unserer S\u00e4ngerin Lioba Moia schwebt.<\/p>\n<\/div>\n<\/div>\n\n\n<div class=\"su-spacer\" style=\"height:48px\"><\/div>\n\n\n\n<div class=\"textbox\">\n<div class=\"innen\">\n<h2>&#8222;Nico Deluxe&#8220; spielt auf Ihrer Veranstaltung als:<\/h2>\n<ul>\n<li>\n<h4>Jazz-Ensemble<\/h4>\n<\/li>\n<\/ul>\n<p style=\"padding-left: 30px;\">mit ged\u00e4mpft stilvoller Jazz- und Lounge-Musik als Untermalung f\u00fcr Ihre Sektempf\u00e4nge, Vernissagen oder Dinner.<\/p>\n<ul>\n<li>\n<h4>Akustik-Coverband<\/h4>\n<\/li>\n<\/ul>\n<p style=\"padding-left: 30px;\">mit tanzbarem akustischen Pop- und Soul-Hits in kleinem, aber feinen Ambiente auf Hochzeiten, Geburtstage, Vereins- bzw. Stra\u00dfenfesten, Weinproben und Weihnachtsfeiern<strong>.<\/strong><\/p>\n<ul>\n<li>\n<h4>Top-40-Coverband<\/h4>\n<\/li>\n<\/ul>\n<p style=\"padding-left: 30px;\">mit fetzige Party-Musik von den 60ern bis heute auf Ihren Gala-Abenden, B\u00e4llen, Firmenfeiern, Stadtfesten, Messe-Events, Abschluss- oder Silvesterfeiern.<\/p>\n<hr>\n<p>\u00dcberzeugen Sie sich in unserer <a title=\"Media\" href=\"https:\/\/nicodeluxe.de\/wordpress\/videos\/\">Video-Gallerie<\/a> unter den live eingespielten Tracks von unserem erstklassigen Sound und erfahren Sie unter unseren <a title=\"Referenzen\" href=\"https:\/\/nicodeluxe.de\/wordpress\/?page_id=34\">Referenzen <\/a>mehr \u00fcber unsere bisherigen Veranstaltungspartner.<\/p>\n<\/div>\n<\/div>\n","protected":false},"excerpt":{"rendered":"<p>&#8222;Nico Deluxe&#8220; &#8211; eine Band &#8211; musikalische Vielfalt! Ob als kleines Jazz-Ensemble, Akustik-Coverband oder Top-40-Band: &#8222;Nico Deluxe&#8220; spielt als Live-Event-Band dem Anlass und Umfang passend auf Ihren Veranstaltungen Ihre Musik. Buchbar vom Trio bis zum Quintett gibt es uns vom Wohnzimmer bis zur Stadtfestb\u00fchne, von privaten Familienfeiern bis zum Firmen-Event. &#8222;Nico Deluxe&#8220; ist Ihre Live-Event-Band! [&hellip;]<\/p>\n","protected":false},"author":1,"featured_media":0,"parent":0,"menu_order":0,"comment_status":"closed","ping_status":"closed","template":"page-templates\/front-page.php","meta":{"_crdt_document":"","footnotes":""},"class_list":["post-2","page","type-page","status-publish","hentry"],"yoast_head":"<!-- This site is optimized with the Yoast SEO plugin v27.4 - https:\/\/yoast.com\/product\/yoast-seo-wordpress\/ -->\n<title>Live-Event-Band &quot;Nico Deluxe&quot; sagt: Herzlich Willkommen!<\/title>\n<meta name=\"description\" content=\"Ob als kleines Jazz-Ensemble, Akustik-Coverband oder Top-40-Band: &quot;Nico Deluxe&quot; spielt als Live-Event-Band auf Ihren Veranstaltungen Ihre Musik.\" \/>\n<meta name=\"robots\" content=\"index, follow, max-snippet:-1, max-image-preview:large, max-video-preview:-1\" \/>\n<link rel=\"canonical\" href=\"https:\/\/nicodeluxe.de\/wordpress\/\" \/>\n<meta property=\"og:locale\" content=\"de_DE\" \/>\n<meta property=\"og:type\" content=\"article\" \/>\n<meta property=\"og:title\" content=\"Live-Event-Band &quot;Nico Deluxe&quot; sagt: Herzlich Willkommen!\" \/>\n<meta property=\"og:description\" content=\"Ob als kleines Jazz-Ensemble, Akustik-Coverband oder Top-40-Band: &quot;Nico Deluxe&quot; spielt als Live-Event-Band auf Ihren Veranstaltungen Ihre Musik.\" \/>\n<meta property=\"og:url\" content=\"https:\/\/nicodeluxe.de\/wordpress\/\" \/>\n<meta property=\"og:site_name\" content=\"Nico Deluxe\" \/>\n<meta property=\"article:modified_time\" content=\"2023-07-24T09:41:44+00:00\" \/>\n<meta name=\"twitter:card\" content=\"summary_large_image\" \/>\n<meta name=\"twitter:label1\" content=\"Gesch\u00e4tzte Lesezeit\" \/>\n\t<meta name=\"twitter:data1\" content=\"2\u00a0Minuten\" \/>\n<script type=\"application\/ld+json\" class=\"yoast-schema-graph\">{\"@context\":\"https:\\\/\\\/schema.org\",\"@graph\":[{\"@type\":\"WebPage\",\"@id\":\"https:\\\/\\\/nicodeluxe.de\\\/wordpress\\\/\",\"url\":\"https:\\\/\\\/nicodeluxe.de\\\/wordpress\\\/\",\"name\":\"Live-Event-Band \\\"Nico Deluxe\\\" sagt: Herzlich Willkommen!\",\"isPartOf\":{\"@id\":\"https:\\\/\\\/nicodeluxe.de\\\/wordpress\\\/#website\"},\"datePublished\":\"2014-10-16T00:21:35+00:00\",\"dateModified\":\"2023-07-24T09:41:44+00:00\",\"description\":\"Ob als kleines Jazz-Ensemble, Akustik-Coverband oder Top-40-Band: \\\"Nico Deluxe\\\" spielt als Live-Event-Band auf Ihren Veranstaltungen Ihre Musik.\",\"breadcrumb\":{\"@id\":\"https:\\\/\\\/nicodeluxe.de\\\/wordpress\\\/#breadcrumb\"},\"inLanguage\":\"de\",\"potentialAction\":[{\"@type\":\"ReadAction\",\"target\":[\"https:\\\/\\\/nicodeluxe.de\\\/wordpress\\\/\"]}]},{\"@type\":\"BreadcrumbList\",\"@id\":\"https:\\\/\\\/nicodeluxe.de\\\/wordpress\\\/#breadcrumb\",\"itemListElement\":[{\"@type\":\"ListItem\",\"position\":1,\"name\":\"Startseite\",\"item\":\"https:\\\/\\\/nicodeluxe.de\\\/wordpress\\\/\"},{\"@type\":\"ListItem\",\"position\":2,\"name\":\"&#8222;Nico Deluxe&#8220; sagt: Herzlich Willkommen!\"}]},{\"@type\":\"WebSite\",\"@id\":\"https:\\\/\\\/nicodeluxe.de\\\/wordpress\\\/#website\",\"url\":\"https:\\\/\\\/nicodeluxe.de\\\/wordpress\\\/\",\"name\":\"Nico Deluxe\",\"description\":\"Live-Event-Band\",\"publisher\":{\"@id\":\"https:\\\/\\\/nicodeluxe.de\\\/wordpress\\\/#organization\"},\"potentialAction\":[{\"@type\":\"SearchAction\",\"target\":{\"@type\":\"EntryPoint\",\"urlTemplate\":\"https:\\\/\\\/nicodeluxe.de\\\/wordpress\\\/?s={search_term_string}\"},\"query-input\":{\"@type\":\"PropertyValueSpecification\",\"valueRequired\":true,\"valueName\":\"search_term_string\"}}],\"inLanguage\":\"de\"},{\"@type\":\"Organization\",\"@id\":\"https:\\\/\\\/nicodeluxe.de\\\/wordpress\\\/#organization\",\"name\":\"Nico Deluxe\",\"url\":\"https:\\\/\\\/nicodeluxe.de\\\/wordpress\\\/\",\"logo\":{\"@type\":\"ImageObject\",\"inLanguage\":\"de\",\"@id\":\"https:\\\/\\\/nicodeluxe.de\\\/wordpress\\\/#\\\/schema\\\/logo\\\/image\\\/\",\"url\":\"https:\\\/\\\/nicodeluxe.de\\\/wordpress\\\/wp-content\\\/uploads\\\/2014\\\/11\\\/logo_nicodeluxe1.png\",\"contentUrl\":\"https:\\\/\\\/nicodeluxe.de\\\/wordpress\\\/wp-content\\\/uploads\\\/2014\\\/11\\\/logo_nicodeluxe1.png\",\"width\":400,\"height\":400,\"caption\":\"Nico Deluxe\"},\"image\":{\"@id\":\"https:\\\/\\\/nicodeluxe.de\\\/wordpress\\\/#\\\/schema\\\/logo\\\/image\\\/\"}}]}<\/script>\n<!-- \/ Yoast SEO plugin. -->","yoast_head_json":{"title":"Live-Event-Band \"Nico Deluxe\" sagt: Herzlich Willkommen!","description":"Ob als kleines Jazz-Ensemble, Akustik-Coverband oder Top-40-Band: \"Nico Deluxe\" spielt als Live-Event-Band auf Ihren Veranstaltungen Ihre Musik.","robots":{"index":"index","follow":"follow","max-snippet":"max-snippet:-1","max-image-preview":"max-image-preview:large","max-video-preview":"max-video-preview:-1"},"canonical":"https:\/\/nicodeluxe.de\/wordpress\/","og_locale":"de_DE","og_type":"article","og_title":"Live-Event-Band \"Nico Deluxe\" sagt: Herzlich Willkommen!","og_description":"Ob als kleines Jazz-Ensemble, Akustik-Coverband oder Top-40-Band: \"Nico Deluxe\" spielt als Live-Event-Band auf Ihren Veranstaltungen Ihre Musik.","og_url":"https:\/\/nicodeluxe.de\/wordpress\/","og_site_name":"Nico Deluxe","article_modified_time":"2023-07-24T09:41:44+00:00","twitter_card":"summary_large_image","twitter_misc":{"Gesch\u00e4tzte Lesezeit":"2\u00a0Minuten"},"schema":{"@context":"https:\/\/schema.org","@graph":[{"@type":"WebPage","@id":"https:\/\/nicodeluxe.de\/wordpress\/","url":"https:\/\/nicodeluxe.de\/wordpress\/","name":"Live-Event-Band \"Nico Deluxe\" sagt: Herzlich Willkommen!","isPartOf":{"@id":"https:\/\/nicodeluxe.de\/wordpress\/#website"},"datePublished":"2014-10-16T00:21:35+00:00","dateModified":"2023-07-24T09:41:44+00:00","description":"Ob als kleines Jazz-Ensemble, Akustik-Coverband oder Top-40-Band: \"Nico Deluxe\" spielt als Live-Event-Band auf Ihren Veranstaltungen Ihre Musik.","breadcrumb":{"@id":"https:\/\/nicodeluxe.de\/wordpress\/#breadcrumb"},"inLanguage":"de","potentialAction":[{"@type":"ReadAction","target":["https:\/\/nicodeluxe.de\/wordpress\/"]}]},{"@type":"BreadcrumbList","@id":"https:\/\/nicodeluxe.de\/wordpress\/#breadcrumb","itemListElement":[{"@type":"ListItem","position":1,"name":"Startseite","item":"https:\/\/nicodeluxe.de\/wordpress\/"},{"@type":"ListItem","position":2,"name":"&#8222;Nico Deluxe&#8220; sagt: Herzlich Willkommen!"}]},{"@type":"WebSite","@id":"https:\/\/nicodeluxe.de\/wordpress\/#website","url":"https:\/\/nicodeluxe.de\/wordpress\/","name":"Nico Deluxe","description":"Live-Event-Band","publisher":{"@id":"https:\/\/nicodeluxe.de\/wordpress\/#organization"},"potentialAction":[{"@type":"SearchAction","target":{"@type":"EntryPoint","urlTemplate":"https:\/\/nicodeluxe.de\/wordpress\/?s={search_term_string}"},"query-input":{"@type":"PropertyValueSpecification","valueRequired":true,"valueName":"search_term_string"}}],"inLanguage":"de"},{"@type":"Organization","@id":"https:\/\/nicodeluxe.de\/wordpress\/#organization","name":"Nico Deluxe","url":"https:\/\/nicodeluxe.de\/wordpress\/","logo":{"@type":"ImageObject","inLanguage":"de","@id":"https:\/\/nicodeluxe.de\/wordpress\/#\/schema\/logo\/image\/","url":"https:\/\/nicodeluxe.de\/wordpress\/wp-content\/uploads\/2014\/11\/logo_nicodeluxe1.png","contentUrl":"https:\/\/nicodeluxe.de\/wordpress\/wp-content\/uploads\/2014\/11\/logo_nicodeluxe1.png","width":400,"height":400,"caption":"Nico Deluxe"},"image":{"@id":"https:\/\/nicodeluxe.de\/wordpress\/#\/schema\/logo\/image\/"}}]}},"_links":{"self":[{"href":"https:\/\/nicodeluxe.de\/wordpress\/wp-json\/wp\/v2\/pages\/2","targetHints":{"allow":["GET"]}}],"collection":[{"href":"https:\/\/nicodeluxe.de\/wordpress\/wp-json\/wp\/v2\/pages"}],"about":[{"href":"https:\/\/nicodeluxe.de\/wordpress\/wp-json\/wp\/v2\/types\/page"}],"author":[{"embeddable":true,"href":"https:\/\/nicodeluxe.de\/wordpress\/wp-json\/wp\/v2\/users\/1"}],"replies":[{"embeddable":true,"href":"https:\/\/nicodeluxe.de\/wordpress\/wp-json\/wp\/v2\/comments?post=2"}],"version-history":[{"count":90,"href":"https:\/\/nicodeluxe.de\/wordpress\/wp-json\/wp\/v2\/pages\/2\/revisions"}],"predecessor-version":[{"id":547,"href":"https:\/\/nicodeluxe.de\/wordpress\/wp-json\/wp\/v2\/pages\/2\/revisions\/547"}],"wp:attachment":[{"href":"https:\/\/nicodeluxe.de\/wordpress\/wp-json\/wp\/v2\/media?parent=2"}],"curies":[{"name":"wp","href":"https:\/\/api.w.org\/{rel}","templated":true}]}}