{"id":34,"date":"2014-10-19T12:27:43","date_gmt":"2014-10-19T10:27:43","guid":{"rendered":"http:\/\/nicodeluxe.de\/wordpress\/?page_id=34"},"modified":"2019-12-29T19:14:14","modified_gmt":"2019-12-29T17:14:14","slug":"referenzen","status":"publish","type":"page","link":"https:\/\/nicodeluxe.de\/wordpress\/referenzen\/","title":{"rendered":"Referenzen"},"content":{"rendered":"<div class=\"textbox\">\n<div class=\"innen\">\n<h2>&#8222;Nico Deluxe&#8220; als Partner gestern, heute und morgen!<\/h2>\n<p>Die Musiker von &#8222;Nico Deluxe&#8220; spielten in dieser oder auch in anderen Konstellationen bereits f\u00fcr zahlreiche gr\u00f6\u00dfere und kleinere Unternehmen Veranstaltungen und Events. Hierzu z\u00e4hlten in den vergangenen Jahren unter anderem:<\/p>\n<ul>\n<li>T\u00f6lke &amp; Fischer (VW-Zentrum Krefeld), Krefeld<\/li>\n<li>Deutsche Bundesbank Frankfurt<\/li>\n<li>Sparkasse Odenwald, Moosbach<\/li>\n<li>Aachener Karnevalsverein AKV<\/li>\n<li>Aachener und M\u00fcnchener Versicherung, Aachen<\/li>\n<li>Warsteiner Hockeypark, M\u00f6nchengladbach<\/li>\n<li>Return Sportpark, M\u00f6nchengladbach<\/li>\n<li>Santander Bank, M\u00f6nchengladbach<\/li>\n<li>DHL Deutschland<\/li>\n<li>BP-Castrol Deutschland<\/li>\n<li>Killgerm Neuss<\/li>\n<li>Fiat<\/li>\n<li>Wella Deutschland<\/li>\n<li>Cerutti Deutschland<\/li>\n<li>Glasbau Kl\u00f6ters, M\u00f6nchengladbach<\/li>\n<li>Kleusberg, Wissen<\/li>\n<li>VGLR Bezirksverband Reihnland-West<\/li>\n<\/ul>\n<\/div>\n<\/div>\n","protected":false},"excerpt":{"rendered":"<p>&#8222;Nico Deluxe&#8220; als Partner gestern, heute und morgen! Die Musiker von &#8222;Nico Deluxe&#8220; spielten in dieser oder auch in anderen Konstellationen bereits f\u00fcr zahlreiche gr\u00f6\u00dfere und kleinere Unternehmen Veranstaltungen und Events. Hierzu z\u00e4hlten in den vergangenen Jahren unter anderem: T\u00f6lke &amp; Fischer (VW-Zentrum Krefeld), Krefeld Deutsche Bundesbank Frankfurt Sparkasse Odenwald, Moosbach Aachener Karnevalsverein AKV Aachener [&hellip;]<\/p>\n","protected":false},"author":1,"featured_media":0,"parent":0,"menu_order":0,"comment_status":"closed","ping_status":"closed","template":"page-templates\/front-page.php","meta":{"_crdt_document":"","footnotes":""},"class_list":["post-34","page","type-page","status-publish","hentry"],"yoast_head":"<!-- This site is optimized with the Yoast SEO plugin v27.4 - https:\/\/yoast.com\/product\/yoast-seo-wordpress\/ -->\n<title>Referenzen | Nico Deluxe<\/title>\n<meta name=\"robots\" content=\"index, follow, max-snippet:-1, max-image-preview:large, max-video-preview:-1\" \/>\n<link rel=\"canonical\" href=\"https:\/\/nicodeluxe.de\/wordpress\/referenzen\/\" \/>\n<meta property=\"og:locale\" content=\"de_DE\" \/>\n<meta property=\"og:type\" content=\"article\" \/>\n<meta property=\"og:title\" content=\"Referenzen | Nico Deluxe\" \/>\n<meta property=\"og:description\" content=\"&#8222;Nico Deluxe&#8220; als Partner gestern, heute und morgen! Die Musiker von &#8222;Nico Deluxe&#8220; spielten in dieser oder auch in anderen Konstellationen bereits f\u00fcr zahlreiche gr\u00f6\u00dfere und kleinere Unternehmen Veranstaltungen und Events. Hierzu z\u00e4hlten in den vergangenen Jahren unter anderem: T\u00f6lke &amp; Fischer (VW-Zentrum Krefeld), Krefeld Deutsche Bundesbank Frankfurt Sparkasse Odenwald, Moosbach Aachener Karnevalsverein AKV Aachener [&hellip;]\" \/>\n<meta property=\"og:url\" content=\"https:\/\/nicodeluxe.de\/wordpress\/referenzen\/\" \/>\n<meta property=\"og:site_name\" content=\"Nico Deluxe\" \/>\n<meta property=\"article:modified_time\" content=\"2019-12-29T17:14:14+00:00\" \/>\n<meta name=\"twitter:card\" content=\"summary_large_image\" \/>\n<script type=\"application\/ld+json\" class=\"yoast-schema-graph\">{\"@context\":\"https:\\\/\\\/schema.org\",\"@graph\":[{\"@type\":\"WebPage\",\"@id\":\"https:\\\/\\\/nicodeluxe.de\\\/wordpress\\\/referenzen\\\/\",\"url\":\"https:\\\/\\\/nicodeluxe.de\\\/wordpress\\\/referenzen\\\/\",\"name\":\"Referenzen | Nico Deluxe\",\"isPartOf\":{\"@id\":\"https:\\\/\\\/nicodeluxe.de\\\/wordpress\\\/#website\"},\"datePublished\":\"2014-10-19T10:27:43+00:00\",\"dateModified\":\"2019-12-29T17:14:14+00:00\",\"breadcrumb\":{\"@id\":\"https:\\\/\\\/nicodeluxe.de\\\/wordpress\\\/referenzen\\\/#breadcrumb\"},\"inLanguage\":\"de\",\"potentialAction\":[{\"@type\":\"ReadAction\",\"target\":[\"https:\\\/\\\/nicodeluxe.de\\\/wordpress\\\/referenzen\\\/\"]}]},{\"@type\":\"BreadcrumbList\",\"@id\":\"https:\\\/\\\/nicodeluxe.de\\\/wordpress\\\/referenzen\\\/#breadcrumb\",\"itemListElement\":[{\"@type\":\"ListItem\",\"position\":1,\"name\":\"Startseite\",\"item\":\"https:\\\/\\\/nicodeluxe.de\\\/wordpress\\\/\"},{\"@type\":\"ListItem\",\"position\":2,\"name\":\"Referenzen\"}]},{\"@type\":\"WebSite\",\"@id\":\"https:\\\/\\\/nicodeluxe.de\\\/wordpress\\\/#website\",\"url\":\"https:\\\/\\\/nicodeluxe.de\\\/wordpress\\\/\",\"name\":\"Nico Deluxe\",\"description\":\"Live-Event-Band\",\"publisher\":{\"@id\":\"https:\\\/\\\/nicodeluxe.de\\\/wordpress\\\/#organization\"},\"potentialAction\":[{\"@type\":\"SearchAction\",\"target\":{\"@type\":\"EntryPoint\",\"urlTemplate\":\"https:\\\/\\\/nicodeluxe.de\\\/wordpress\\\/?s={search_term_string}\"},\"query-input\":{\"@type\":\"PropertyValueSpecification\",\"valueRequired\":true,\"valueName\":\"search_term_string\"}}],\"inLanguage\":\"de\"},{\"@type\":\"Organization\",\"@id\":\"https:\\\/\\\/nicodeluxe.de\\\/wordpress\\\/#organization\",\"name\":\"Nico Deluxe\",\"url\":\"https:\\\/\\\/nicodeluxe.de\\\/wordpress\\\/\",\"logo\":{\"@type\":\"ImageObject\",\"inLanguage\":\"de\",\"@id\":\"https:\\\/\\\/nicodeluxe.de\\\/wordpress\\\/#\\\/schema\\\/logo\\\/image\\\/\",\"url\":\"https:\\\/\\\/nicodeluxe.de\\\/wordpress\\\/wp-content\\\/uploads\\\/2014\\\/11\\\/logo_nicodeluxe1.png\",\"contentUrl\":\"https:\\\/\\\/nicodeluxe.de\\\/wordpress\\\/wp-content\\\/uploads\\\/2014\\\/11\\\/logo_nicodeluxe1.png\",\"width\":400,\"height\":400,\"caption\":\"Nico Deluxe\"},\"image\":{\"@id\":\"https:\\\/\\\/nicodeluxe.de\\\/wordpress\\\/#\\\/schema\\\/logo\\\/image\\\/\"}}]}<\/script>\n<!-- \/ Yoast SEO plugin. -->","yoast_head_json":{"title":"Referenzen | Nico Deluxe","robots":{"index":"index","follow":"follow","max-snippet":"max-snippet:-1","max-image-preview":"max-image-preview:large","max-video-preview":"max-video-preview:-1"},"canonical":"https:\/\/nicodeluxe.de\/wordpress\/referenzen\/","og_locale":"de_DE","og_type":"article","og_title":"Referenzen | Nico Deluxe","og_description":"&#8222;Nico Deluxe&#8220; als Partner gestern, heute und morgen! Die Musiker von &#8222;Nico Deluxe&#8220; spielten in dieser oder auch in anderen Konstellationen bereits f\u00fcr zahlreiche gr\u00f6\u00dfere und kleinere Unternehmen Veranstaltungen und Events. Hierzu z\u00e4hlten in den vergangenen Jahren unter anderem: T\u00f6lke &amp; Fischer (VW-Zentrum Krefeld), Krefeld Deutsche Bundesbank Frankfurt Sparkasse Odenwald, Moosbach Aachener Karnevalsverein AKV Aachener [&hellip;]","og_url":"https:\/\/nicodeluxe.de\/wordpress\/referenzen\/","og_site_name":"Nico Deluxe","article_modified_time":"2019-12-29T17:14:14+00:00","twitter_card":"summary_large_image","schema":{"@context":"https:\/\/schema.org","@graph":[{"@type":"WebPage","@id":"https:\/\/nicodeluxe.de\/wordpress\/referenzen\/","url":"https:\/\/nicodeluxe.de\/wordpress\/referenzen\/","name":"Referenzen | Nico Deluxe","isPartOf":{"@id":"https:\/\/nicodeluxe.de\/wordpress\/#website"},"datePublished":"2014-10-19T10:27:43+00:00","dateModified":"2019-12-29T17:14:14+00:00","breadcrumb":{"@id":"https:\/\/nicodeluxe.de\/wordpress\/referenzen\/#breadcrumb"},"inLanguage":"de","potentialAction":[{"@type":"ReadAction","target":["https:\/\/nicodeluxe.de\/wordpress\/referenzen\/"]}]},{"@type":"BreadcrumbList","@id":"https:\/\/nicodeluxe.de\/wordpress\/referenzen\/#breadcrumb","itemListElement":[{"@type":"ListItem","position":1,"name":"Startseite","item":"https:\/\/nicodeluxe.de\/wordpress\/"},{"@type":"ListItem","position":2,"name":"Referenzen"}]},{"@type":"WebSite","@id":"https:\/\/nicodeluxe.de\/wordpress\/#website","url":"https:\/\/nicodeluxe.de\/wordpress\/","name":"Nico Deluxe","description":"Live-Event-Band","publisher":{"@id":"https:\/\/nicodeluxe.de\/wordpress\/#organization"},"potentialAction":[{"@type":"SearchAction","target":{"@type":"EntryPoint","urlTemplate":"https:\/\/nicodeluxe.de\/wordpress\/?s={search_term_string}"},"query-input":{"@type":"PropertyValueSpecification","valueRequired":true,"valueName":"search_term_string"}}],"inLanguage":"de"},{"@type":"Organization","@id":"https:\/\/nicodeluxe.de\/wordpress\/#organization","name":"Nico Deluxe","url":"https:\/\/nicodeluxe.de\/wordpress\/","logo":{"@type":"ImageObject","inLanguage":"de","@id":"https:\/\/nicodeluxe.de\/wordpress\/#\/schema\/logo\/image\/","url":"https:\/\/nicodeluxe.de\/wordpress\/wp-content\/uploads\/2014\/11\/logo_nicodeluxe1.png","contentUrl":"https:\/\/nicodeluxe.de\/wordpress\/wp-content\/uploads\/2014\/11\/logo_nicodeluxe1.png","width":400,"height":400,"caption":"Nico Deluxe"},"image":{"@id":"https:\/\/nicodeluxe.de\/wordpress\/#\/schema\/logo\/image\/"}}]}},"_links":{"self":[{"href":"https:\/\/nicodeluxe.de\/wordpress\/wp-json\/wp\/v2\/pages\/34","targetHints":{"allow":["GET"]}}],"collection":[{"href":"https:\/\/nicodeluxe.de\/wordpress\/wp-json\/wp\/v2\/pages"}],"about":[{"href":"https:\/\/nicodeluxe.de\/wordpress\/wp-json\/wp\/v2\/types\/page"}],"author":[{"embeddable":true,"href":"https:\/\/nicodeluxe.de\/wordpress\/wp-json\/wp\/v2\/users\/1"}],"replies":[{"embeddable":true,"href":"https:\/\/nicodeluxe.de\/wordpress\/wp-json\/wp\/v2\/comments?post=34"}],"version-history":[{"count":12,"href":"https:\/\/nicodeluxe.de\/wordpress\/wp-json\/wp\/v2\/pages\/34\/revisions"}],"predecessor-version":[{"id":531,"href":"https:\/\/nicodeluxe.de\/wordpress\/wp-json\/wp\/v2\/pages\/34\/revisions\/531"}],"wp:attachment":[{"href":"https:\/\/nicodeluxe.de\/wordpress\/wp-json\/wp\/v2\/media?parent=34"}],"curies":[{"name":"wp","href":"https:\/\/api.w.org\/{rel}","templated":true}]}}